{"id":5978,"date":"2023-10-12T19:14:10","date_gmt":"2023-10-12T23:14:10","guid":{"rendered":"https:\/\/goodfoodlink.ca\/travail\/"},"modified":"2025-11-19T21:38:34","modified_gmt":"2025-11-20T02:38:34","slug":"work","status":"publish","type":"page","link":"https:\/\/goodfoodlink.ca\/fr\/work\/","title":{"rendered":"Travail"},"content":{"rendered":"\t\t<div data-elementor-type=\"wp-page\" data-elementor-id=\"5978\" class=\"elementor elementor-5978 elementor-1302\" data-elementor-post-type=\"page\">\n\t\t\t\t\t\t<section class=\"elementor-section elementor-top-section elementor-element elementor-element-2d90a6f6 elementor-section-boxed elementor-section-height-default elementor-section-height-default\" data-id=\"2d90a6f6\" data-element_type=\"section\" data-e-type=\"section\">\n\t\t\t\t\t\t<div class=\"elementor-container elementor-column-gap-default\">\n\t\t\t\t\t<div class=\"elementor-column elementor-col-100 elementor-top-column elementor-element elementor-element-682176b9\" data-id=\"682176b9\" data-element_type=\"column\" data-e-type=\"column\">\n\t\t\t<div class=\"elementor-widget-wrap elementor-element-populated\">\n\t\t\t\t\t\t<div class=\"elementor-element elementor-element-af5ae4d elementor-widget elementor-widget-heading\" data-id=\"af5ae4d\" data-element_type=\"widget\" data-e-type=\"widget\" data-widget_type=\"heading.default\">\n\t\t\t\t<div class=\"elementor-widget-container\">\n\t\t\t\t\t<h2 class=\"elementor-heading-title elementor-size-default\">Travail<\/h2>\t\t\t\t<\/div>\n\t\t\t\t<\/div>\n\t\t\t\t<div class=\"elementor-element elementor-element-f11dbfd elementor-widget__width-initial elementor-widget elementor-widget-text-editor\" data-id=\"f11dbfd\" data-element_type=\"widget\" data-e-type=\"widget\" data-widget_type=\"text-editor.default\">\n\t\t\t\t<div class=\"elementor-widget-container\">\n\t\t\t\t\t\t\t\t\t<h5>Trouvez votre prochaine opportunit\u00e9 d\u2019emploi dans la r\u00e9gion d\u2019Ottawa \u0153uvrer pour une bonne alimentation pour tous<\/h5>\t\t\t\t\t\t\t\t<\/div>\n\t\t\t\t<\/div>\n\t\t\t\t<div class=\"elementor-element elementor-element-db61044 elementor-widget elementor-widget-text-editor\" data-id=\"db61044\" data-element_type=\"widget\" data-e-type=\"widget\" data-widget_type=\"text-editor.default\">\n\t\t\t\t<div class=\"elementor-widget-container\">\n\t\t\t\t\t\t\t\t\t<p>Ces offres d&#8217;emploi ont \u00e9t\u00e9 r\u00e9dig\u00e9es en partenariat avec <a href=\"https:\/\/foodwork.ca\">foodwork.ca<\/a>.<\/p><p>Veuillez publier vos offres d&#8217;emploi r\u00e9mun\u00e9r\u00e9 dans le domaine de l&rsquo;alimentation sur FoodWork, qui seront automatiquement int\u00e9gr\u00e9es \u00e0 cette page.<br>Veuillez les soutenir financi\u00e8rement si vous le pouvez pour vos publications, afin que d&rsquo;autres personnes qui ne peuvent pas payer puissent \u00e9galement publier des offres d&#8217;emploi.<\/p>\t\t\t\t\t\t\t\t<\/div>\n\t\t\t\t<\/div>\n\t\t\t\t<div class=\"elementor-element elementor-element-1e7748cb elementor-widget elementor-widget-text-editor\" data-id=\"1e7748cb\" data-element_type=\"widget\" data-e-type=\"widget\" data-widget_type=\"text-editor.default\">\n\t\t\t\t<div class=\"elementor-widget-container\">\n\t\t\t\t\t\t\t\t\t<style>\n       .errordiv { padding:10px; margin:10px; border: 1px solid #555555;color: #000000;background-color: #f8f8f8; width:500px; }#iframe1 {visibility:visible;opacity:1;vertical-align:top;}.ai-info-bottom-iframe { position: fixed; z-index: 10000; bottom:0; left: 0; margin: 0px; text-align: center; width: 100%; background-color: #ff9999; padding-left: 5px;padding-bottom: 5px; border-top: 1px solid #aaa } a.ai-bold {font-weight: bold;}#ai-layer-div-iframe1 p {height:100%;margin:0;padding:0}<\/style><script type=\"text\/javascript\">var ai_iframe_width_iframe1 = 0;var ai_iframe_height_iframe1 = 0;function aiReceiveMessageiframe1(event) {  aiProcessMessage(event,\"iframe1\", \"true\",\"\",\"false\",\"false\");}if (window.addEventListener) {  window.addEventListener(\"message\", aiReceiveMessageiframe1);} else if (el.attachEvent)  {  el.attachEvent(\"message\", aiReceiveMessageiframe1);}var aiOnloadScrollTop=\"true\";var aiShowDebug=false;\n\t\tif (typeof aiReadyCallbacks === 'undefined') {\n\t\t\tvar aiReadyCallbacks = [];\n\t\t} else if (!(aiReadyCallbacks instanceof Array)) {\n\t\t\tvar aiReadyCallbacks = [];\n\t\t}    function aiShowIframeId(id_iframe) { jQuery(\"#\"+id_iframe).css(\"visibility\", \"visible\");    }    function aiResizeIframeHeight(height) { aiResizeIframeHeight(height,iframe1); }    function aiResizeIframeHeightId(height,width,id) {aiResizeIframeHeightById(id,height);}<\/script><iframe id=\"iframe1\"  name=\"iframe1\"  src=\"https:\/\/www.foodwork.ca\/jobs-jf.php?region=on-e&#038;level=paid\"  width=\"100%\"  height=\"600\"  frameborder=\"0\"  border=\"0\"  allowtransparency=\"true\"  loading=\"lazy\"  style=\";border-width: 0px;;border: none;;width:100%;;height:600px;\" ><\/iframe><script type=\"text\/javascript\">var ifrm_iframe1 = document.getElementById(\"iframe1\");var hiddenTabsDoneiframe1 = false;\nfunction resizeCallbackiframe1() {}<\/script><script type=\"text\/javascript\"><\/script><p style=\"display:block !important; visibility:visible !important;margin: -18px 14px 0 0;padding-left: 3px;padding-top:3px;background: white; overflow: hidden; position: relative; line-height:15px;width: fit-content;\"><small style=\"display:block !important;visibility:visible !important\">powered by Advanced iFrame<\/small><\/p>\t\t\t\t\t\t\t\t<\/div>\n\t\t\t\t<\/div>\n\t\t\t\t\t<\/div>\n\t\t<\/div>\n\t\t\t\t\t<\/div>\n\t\t<\/section>\n\t\t\t\t<section class=\"elementor-section elementor-top-section elementor-element elementor-element-6114c64 elementor-section-boxed elementor-section-height-default elementor-section-height-default\" data-id=\"6114c64\" data-element_type=\"section\" data-e-type=\"section\">\n\t\t\t\t\t\t<div class=\"elementor-container elementor-column-gap-default\">\n\t\t\t\t\t<div class=\"elementor-column elementor-col-100 elementor-top-column elementor-element elementor-element-69f5762\" data-id=\"69f5762\" data-element_type=\"column\" data-e-type=\"column\">\n\t\t\t<div class=\"elementor-widget-wrap elementor-element-populated\">\n\t\t\t\t\t\t<div class=\"elementor-element elementor-element-3538b04 elementor-widget__width-initial elementor-absolute elementor-widget elementor-widget-image\" data-id=\"3538b04\" data-element_type=\"widget\" data-e-type=\"widget\" data-settings=\"{&quot;_position&quot;:&quot;absolute&quot;}\" data-widget_type=\"image.default\">\n\t\t\t\t<div class=\"elementor-widget-container\">\n\t\t\t\t\t\t\t\t\t\t\t\t\t\t\t\t<a href=\"https:\/\/www.foodwork.ca\/\">\n\t\t\t\t\t\t\t<img fetchpriority=\"high\" decoding=\"async\" width=\"300\" height=\"300\" src=\"https:\/\/goodfoodlink.ca\/wp-content\/uploads\/2024\/07\/foodwork-logo.png\" class=\"attachment-medium size-medium wp-image-6502\" alt=\"\" \/>\t\t\t\t\t\t\t\t<\/a>\n\t\t\t\t\t\t\t\t\t\t\t\t\t\t\t<\/div>\n\t\t\t\t<\/div>\n\t\t\t\t\t<\/div>\n\t\t<\/div>\n\t\t\t\t\t<\/div>\n\t\t<\/section>\n\t\t\t\t<\/div>\n\t\t","protected":false},"excerpt":{"rendered":"<p>Travail Trouvez votre prochaine opportunit\u00e9 d\u2019emploi dans la r\u00e9gion d\u2019Ottawa \u0153uvrer pour une bonne alimentation pour tous Ces offres d&#8217;emploi ont \u00e9t\u00e9 r\u00e9dig\u00e9es en partenariat avec foodwork.ca. Veuillez publier vos offres d&#8217;emploi r\u00e9mun\u00e9r\u00e9 dans le domaine de l&rsquo;alimentation sur FoodWork, qui seront automatiquement int\u00e9gr\u00e9es \u00e0 cette page.Veuillez les soutenir financi\u00e8rement si vous le pouvez pour [&hellip;]<\/p>\n","protected":false},"author":1,"featured_media":0,"parent":0,"menu_order":0,"comment_status":"closed","ping_status":"closed","template":"","meta":{"_acf_changed":false,"footnotes":""},"class_list":["post-5978","page","type-page","status-publish","hentry"],"acf":[],"_links":{"self":[{"href":"https:\/\/goodfoodlink.ca\/fr\/wp-json\/wp\/v2\/pages\/5978","targetHints":{"allow":["GET"]}}],"collection":[{"href":"https:\/\/goodfoodlink.ca\/fr\/wp-json\/wp\/v2\/pages"}],"about":[{"href":"https:\/\/goodfoodlink.ca\/fr\/wp-json\/wp\/v2\/types\/page"}],"author":[{"embeddable":true,"href":"https:\/\/goodfoodlink.ca\/fr\/wp-json\/wp\/v2\/users\/1"}],"replies":[{"embeddable":true,"href":"https:\/\/goodfoodlink.ca\/fr\/wp-json\/wp\/v2\/comments?post=5978"}],"version-history":[{"count":4,"href":"https:\/\/goodfoodlink.ca\/fr\/wp-json\/wp\/v2\/pages\/5978\/revisions"}],"predecessor-version":[{"id":8354,"href":"https:\/\/goodfoodlink.ca\/fr\/wp-json\/wp\/v2\/pages\/5978\/revisions\/8354"}],"wp:attachment":[{"href":"https:\/\/goodfoodlink.ca\/fr\/wp-json\/wp\/v2\/media?parent=5978"}],"curies":[{"name":"wp","href":"https:\/\/api.w.org\/{rel}","templated":true}]}}